{"id":1226,"date":"2023-12-07T07:50:59","date_gmt":"2023-12-07T07:50:59","guid":{"rendered":"http:\/\/ekolav.com\/?page_id=1226"},"modified":"2023-12-07T08:15:51","modified_gmt":"2023-12-07T08:15:51","slug":"homess","status":"publish","type":"page","link":"https:\/\/ekolav.com\/home\/homess\/","title":{"rendered":"home\u00e8\u00e8\u00e8"},"content":{"rendered":"\t\t<div data-elementor-type=\"wp-page\" data-elementor-id=\"1226\" class=\"elementor elementor-1226\" data-elementor-post-type=\"page\">\n\t\t\t\t\t\t\t\t\t<section class=\"elementor-section elementor-top-section elementor-element elementor-element-20a9785 elementor-section-boxed elementor-section-height-default elementor-section-height-default\" data-id=\"20a9785\" data-element_type=\"section\">\n\t\t\t\t\t\t<div class=\"elementor-container elementor-column-gap-default\">\n\t\t\t\t\t<div class=\"elementor-column elementor-col-100 elementor-top-column elementor-element elementor-element-1098cd3\" data-id=\"1098cd3\" data-element_type=\"column\">\n\t\t\t<div class=\"elementor-widget-wrap elementor-element-populated\">\n\t\t\t\t\t\t\t\t<div class=\"elementor-element elementor-element-78639ff elementor-widget elementor-widget-heading\" data-id=\"78639ff\" data-element_type=\"widget\" data-widget_type=\"heading.default\">\n\t\t\t\t<div class=\"elementor-widget-container\">\n\t\t\t<h2 class=\"elementor-heading-title elementor-size-default\">Ekolav S.r.l. L'azienda<\/h2>\t\t<\/div>\n\t\t\t\t<\/div>\n\t\t\t\t\t<\/div>\n\t\t<\/div>\n\t\t\t\t\t\t\t<\/div>\n\t\t<\/section>\n\t\t\t\t<section class=\"elementor-section elementor-top-section elementor-element elementor-element-f055f80 elementor-section-boxed elementor-section-height-default elementor-section-height-default\" data-id=\"f055f80\" data-element_type=\"section\">\n\t\t\t\t\t\t<div class=\"elementor-container elementor-column-gap-default\">\n\t\t\t\t\t<div class=\"elementor-column elementor-col-50 elementor-top-column elementor-element elementor-element-a6c7f12\" data-id=\"a6c7f12\" data-element_type=\"column\">\n\t\t\t<div class=\"elementor-widget-wrap elementor-element-populated\">\n\t\t\t\t\t\t\t\t<div class=\"elementor-element elementor-element-ca6d977 elementor-widget elementor-widget-heading\" data-id=\"ca6d977\" data-element_type=\"widget\" data-widget_type=\"heading.default\">\n\t\t\t\t<div class=\"elementor-widget-container\">\n\t\t\t<h2 class=\"elementor-heading-title elementor-size-default\">EKOLAV Srl \u00e8 una lavanderia industriale costituita nel 2007 con sede in Lastra a Signa (FI).<br><br>\nL\u2019azienda \u00e8 partecipata da SERVIZI ITALIA Spa, leader nazionale del lavanolo sanitario.<br><br>\nEKOLAV Srl ha come scopo quello di assicurare il servizio alla clientela con processi di lavorazione certificati, tesi alla massima soddisfazione della clientela, garantendo la qualit\u00e0 del prodotto finito, la tutela del patrimonio biancheria e la particolare attenzione delle problematiche ambientali e di gestione della sicurezza sui luoghi di lavoro.<br><br>\nGaranzia dei risultati e sistema di qualit\u00e0 certificato\nIl nostri processi e cicli di trattamento dei capi seguono ferree procedure aziendali e controlli continui per verifica dei risultati ottenuti.<br><br>\nLa nostra azienda garantisce l\u2019ottimizzazione nel raggiungimento degli obiettivi grazie al sistema di Qualit\u00e0 di qualit\u00e0 dei servizi offerti UNI EN ISO 9001.<br><br>\nA garanzia dell\u2019efficacia del processo utilizzato per l\u2019ottenimento dell\u2019igienizzazione dei capi trattati ad ogni ciclo di lavaggio \u00e8 stato conseguito un attestato di conformit\u00e0 rilasciato da laboratori accreditati Sinal; l\u2019azienda ha pertanto ottenuto la certificazione UNI EN 14065:2016 secondo linee RABC.<br><br>\nAnche sul trattamento degli abiti ad alta visibilit\u00e0 e DPI ci siamo distinti ottenendo una ulteriore validazione del nostro sistema, conseguendo la Certificazione UNI EN 20471:2013.<br><br>\nInoltre, per la realizzazione di un sistema di Gestione Ambientale abbiamo ottenuto la certificazione UNI EN ISO 14001:2015.<br><br>\nInfine, in merito alla gestione del sistema a tutela della Salute e Sicurezza dei Lavoratori abbiamo conseguito la certificazione BS OHSAS 18001:2007.<\/h2>\t\t<\/div>\n\t\t\t\t<\/div>\n\t\t\t\t\t<\/div>\n\t\t<\/div>\n\t\t\t\t<div class=\"elementor-column elementor-col-50 elementor-top-column elementor-element elementor-element-7b243d6\" data-id=\"7b243d6\" data-element_type=\"column\">\n\t\t\t<div class=\"elementor-widget-wrap elementor-element-populated\">\n\t\t\t\t\t\t\t\t<div class=\"elementor-element elementor-element-af1c0fd elementor-widget elementor-widget-image\" data-id=\"af1c0fd\" data-element_type=\"widget\" data-widget_type=\"image.default\">\n\t\t\t\t<div class=\"elementor-widget-container\">\n\t\t\t\t\t\t\t\t\t\t\t\t\t\t\t<img fetchpriority=\"high\" decoding=\"async\" width=\"1024\" height=\"749\" src=\"https:\/\/ekolav.com\/wp-content\/uploads\/2018\/06\/1DSC_0084-1024x749.jpg\" class=\"attachment-large size-large wp-image-800\" alt=\"\" srcset=\"https:\/\/ekolav.com\/wp-content\/uploads\/2018\/06\/1DSC_0084-1024x749.jpg 1024w, https:\/\/ekolav.com\/wp-content\/uploads\/2018\/06\/1DSC_0084-300x219.jpg 300w, https:\/\/ekolav.com\/wp-content\/uploads\/2018\/06\/1DSC_0084-768x562.jpg 768w, https:\/\/ekolav.com\/wp-content\/uploads\/2018\/06\/1DSC_0084.jpg 1274w\" sizes=\"(max-width: 1024px) 100vw, 1024px\" \/>\t\t\t\t\t\t\t\t\t\t\t\t\t\t\t<\/div>\n\t\t\t\t<\/div>\n\t\t\t\t<div class=\"elementor-element elementor-element-6054aef elementor-widget elementor-widget-image\" data-id=\"6054aef\" data-element_type=\"widget\" data-widget_type=\"image.default\">\n\t\t\t\t<div class=\"elementor-widget-container\">\n\t\t\t\t\t\t\t\t\t\t\t\t\t\t\t<img decoding=\"async\" width=\"1000\" height=\"1000\" src=\"https:\/\/ekolav.com\/wp-content\/uploads\/2018\/06\/mezziekolav_1.png\" class=\"attachment-large size-large wp-image-607\" alt=\"\" srcset=\"https:\/\/ekolav.com\/wp-content\/uploads\/2018\/06\/mezziekolav_1.png 1000w, https:\/\/ekolav.com\/wp-content\/uploads\/2018\/06\/mezziekolav_1-150x150.png 150w, https:\/\/ekolav.com\/wp-content\/uploads\/2018\/06\/mezziekolav_1-300x300.png 300w, https:\/\/ekolav.com\/wp-content\/uploads\/2018\/06\/mezziekolav_1-768x768.png 768w\" sizes=\"(max-width: 1000px) 100vw, 1000px\" \/>\t\t\t\t\t\t\t\t\t\t\t\t\t\t\t<\/div>\n\t\t\t\t<\/div>\n\t\t\t\t\t<\/div>\n\t\t<\/div>\n\t\t\t\t\t\t\t<\/div>\n\t\t<\/section>\n\t\t\t\t<section class=\"elementor-section elementor-top-section elementor-element elementor-element-e53a789 elementor-section-boxed elementor-section-height-default elementor-section-height-default\" data-id=\"e53a789\" data-element_type=\"section\">\n\t\t\t\t\t\t<div class=\"elementor-container elementor-column-gap-default\">\n\t\t\t\t\t<div class=\"elementor-column elementor-col-100 elementor-top-column elementor-element elementor-element-c571439\" data-id=\"c571439\" data-element_type=\"column\">\n\t\t\t<div class=\"elementor-widget-wrap\">\n\t\t\t\t\t\t\t\t\t<\/div>\n\t\t<\/div>\n\t\t\t\t\t\t\t<\/div>\n\t\t<\/section>\n\t\t\t\t\t\t\t<\/div>\n\t\t","protected":false},"excerpt":{"rendered":"<p>Ekolav S.r.l. L&#8217;azienda EKOLAV Srl \u00e8 una lavanderia industriale costituita nel 2007 con sede in Lastra a Signa (FI). L\u2019azienda \u00e8 partecipata da SERVIZI ITALIA Spa, leader nazionale del lavanolo sanitario. EKOLAV Srl ha come scopo quello di assicurare il servizio alla clientela con processi di lavorazione certificati, tesi alla massima soddisfazione della clientela, garantendo &hellip;<\/p>\n<p class=\"read-more\"> <a class=\"\" href=\"https:\/\/ekolav.com\/home\/homess\/\"> <span class=\"screen-reader-text\">home\u00e8\u00e8\u00e8<\/span> Leggi altro &raquo;<\/a><\/p>\n","protected":false},"author":1,"featured_media":0,"parent":0,"menu_order":0,"comment_status":"closed","ping_status":"closed","template":"front-page.php","meta":{"site-sidebar-layout":"default","site-content-layout":"","ast-site-content-layout":"","site-content-style":"default","site-sidebar-style":"default","ast-global-header-display":"","ast-banner-title-visibility":"","ast-main-header-display":"","ast-hfb-above-header-display":"","ast-hfb-below-header-display":"","ast-hfb-mobile-header-display":"","site-post-title":"","ast-breadcrumbs-content":"","ast-featured-img":"","footer-sml-layout":"","theme-transparent-header-meta":"","adv-header-id-meta":"","stick-header-meta":"","header-above-stick-meta":"","header-main-stick-meta":"","header-below-stick-meta":"","astra-migrate-meta-layouts":"","ast-page-background-enabled":"default","ast-page-background-meta":{"desktop":{"background-color":"var(--ast-global-color-4)","background-image":"","background-repeat":"repeat","background-position":"center center","background-size":"auto","background-attachment":"scroll","background-type":"","background-media":"","overlay-type":"","overlay-color":"","overlay-gradient":""},"tablet":{"background-color":"","background-image":"","background-repeat":"repeat","background-position":"center center","background-size":"auto","background-attachment":"scroll","background-type":"","background-media":"","overlay-type":"","overlay-color":"","overlay-gradient":""},"mobile":{"background-color":"","background-image":"","background-repeat":"repeat","background-position":"center center","background-size":"auto","background-attachment":"scroll","background-type":"","background-media":"","overlay-type":"","overlay-color":"","overlay-gradient":""}},"ast-content-background-meta":{"desktop":{"background-color":"var(--ast-global-color-5)","background-image":"","background-repeat":"repeat","background-position":"center center","background-size":"auto","background-attachment":"scroll","background-type":"","background-media":"","overlay-type":"","overlay-color":"","overlay-gradient":""},"tablet":{"background-color":"var(--ast-global-color-5)","background-image":"","background-repeat":"repeat","background-position":"center center","background-size":"auto","background-attachment":"scroll","background-type":"","background-media":"","overlay-type":"","overlay-color":"","overlay-gradient":""},"mobile":{"background-color":"var(--ast-global-color-5)","background-image":"","background-repeat":"repeat","background-position":"center center","background-size":"auto","background-attachment":"scroll","background-type":"","background-media":"","overlay-type":"","overlay-color":"","overlay-gradient":""}},"footnotes":""},"_links":{"self":[{"href":"https:\/\/ekolav.com\/home\/wp-json\/wp\/v2\/pages\/1226"}],"collection":[{"href":"https:\/\/ekolav.com\/home\/wp-json\/wp\/v2\/pages"}],"about":[{"href":"https:\/\/ekolav.com\/home\/wp-json\/wp\/v2\/types\/page"}],"author":[{"embeddable":true,"href":"https:\/\/ekolav.com\/home\/wp-json\/wp\/v2\/users\/1"}],"replies":[{"embeddable":true,"href":"https:\/\/ekolav.com\/home\/wp-json\/wp\/v2\/comments?post=1226"}],"version-history":[{"count":9,"href":"https:\/\/ekolav.com\/home\/wp-json\/wp\/v2\/pages\/1226\/revisions"}],"predecessor-version":[{"id":1243,"href":"https:\/\/ekolav.com\/home\/wp-json\/wp\/v2\/pages\/1226\/revisions\/1243"}],"wp:attachment":[{"href":"https:\/\/ekolav.com\/home\/wp-json\/wp\/v2\/media?parent=1226"}],"curies":[{"name":"wp","href":"https:\/\/api.w.org\/{rel}","templated":true}]}}